{"id":8,"date":"2013-05-30T15:02:00","date_gmt":"2013-05-30T15:02:00","guid":{"rendered":"http:\/\/www.animo.biz\/?page_id=8"},"modified":"2013-07-15T14:37:53","modified_gmt":"2013-07-15T14:37:53","slug":"home","status":"publish","type":"page","link":"https:\/\/www.animo.biz\/","title":{"rendered":"Home"},"content":{"rendered":"<p><b style=\"line-height: 1.714285714; font-size: 1rem;\">Verbesserung der Tier-Mensch Beziehung\u00a0<\/b><\/p>\n<p>Das Ziel von animo ist das Wohlbefinden von Tieren und ihrer Besitzer zu steigern und zur besseren Verst\u00e4ndigung beizutragen. Ich arbeite vorallem mit Hunden, Katzen, V\u00f6geln und Reptilien.<\/p>\n<p><b>Mein Angebot umfasst folgende Bereiche<\/b><\/p>\n<p>&#8211; TTEAM Arbeit<br \/>\n&#8211; Hundef\u00fchrscheinpr\u00fcfung der Stadt Wien<br \/>\n&#8211; Fachkr\u00e4fte-Netzwerk<br \/>\n&#8211; Informationsveranstaltungen<\/p>\n<p>Wenn Sie ein Angebot besonders interessiert nehmen Sie unverbindlich Kontakt unter\u00a0<a href=\"mailto:bayer@animo.biz\">bayer@animo.biz<\/a>\u00a0mit mir auf.<br \/>\nIch beraten Sie gerne.<\/p>\n<p><a title=\"Vereinigung \u00d6sterreichischer Hundeverhaltens TrainerInnen\" href=\"http:\/\/www.voeht.at\/\" target=\"_blank\"><img loading=\"lazy\" decoding=\"async\" class=\"alignnone size-full wp-image-47\" alt=\"voeht_logo_m\" src=\"http:\/\/www.animo.biz\/wp-content\/uploads\/2013\/05\/voeht_logo_m-e1370191940215.jpg\" width=\"120\" height=\"91\" \/><\/a><\/p>\n","protected":false},"excerpt":{"rendered":"<p>Verbesserung der Tier-Mensch Beziehung\u00a0 Das Ziel von animo ist das Wohlbefinden von Tieren und ihrer Besitzer zu steigern und zur besseren Verst\u00e4ndigung beizutragen. Ich arbeite vorallem mit Hunden, Katzen, V\u00f6geln und Reptilien. Mein Angebot umfasst folgende Bereiche &#8211; TTEAM Arbeit &#8211; Hundef\u00fchrscheinpr\u00fcfung der Stadt Wien &#8211; Fachkr\u00e4fte-Netzwerk &#8211; Informationsveranstaltungen Wenn Sie ein Angebot besonders interessiert [&hellip;]<\/p>\n","protected":false},"author":1,"featured_media":0,"parent":0,"menu_order":1,"comment_status":"closed","ping_status":"closed","template":"","meta":{"footnotes":""},"class_list":["post-8","page","type-page","status-publish","hentry"],"_links":{"self":[{"href":"https:\/\/www.animo.biz\/index.php?rest_route=\/wp\/v2\/pages\/8","targetHints":{"allow":["GET"]}}],"collection":[{"href":"https:\/\/www.animo.biz\/index.php?rest_route=\/wp\/v2\/pages"}],"about":[{"href":"https:\/\/www.animo.biz\/index.php?rest_route=\/wp\/v2\/types\/page"}],"author":[{"embeddable":true,"href":"https:\/\/www.animo.biz\/index.php?rest_route=\/wp\/v2\/users\/1"}],"replies":[{"embeddable":true,"href":"https:\/\/www.animo.biz\/index.php?rest_route=%2Fwp%2Fv2%2Fcomments&post=8"}],"version-history":[{"count":9,"href":"https:\/\/www.animo.biz\/index.php?rest_route=\/wp\/v2\/pages\/8\/revisions"}],"predecessor-version":[{"id":65,"href":"https:\/\/www.animo.biz\/index.php?rest_route=\/wp\/v2\/pages\/8\/revisions\/65"}],"wp:attachment":[{"href":"https:\/\/www.animo.biz\/index.php?rest_route=%2Fwp%2Fv2%2Fmedia&parent=8"}],"curies":[{"name":"wp","href":"https:\/\/api.w.org\/{rel}","templated":true}]}}