{"id":34,"date":"2013-05-30T16:20:41","date_gmt":"2013-05-30T16:20:41","guid":{"rendered":"http:\/\/www.animo.biz\/?page_id=34"},"modified":"2022-08-21T18:49:34","modified_gmt":"2022-08-21T18:49:34","slug":"impressum","status":"publish","type":"page","link":"https:\/\/www.animo.biz\/?page_id=34","title":{"rendered":"Impressum"},"content":{"rendered":"<p><b>Medieninhaber<\/b><br \/>\nIm Sinne des \u00a725 Mediengesetz verantwortlicher Medieninhaber der Website animo.biz und Autor wenn nicht anders angegeben ist Karin Bayer.<\/p>\n<p><b>Haftungsausschluss<\/b><br \/>\nF\u00fcr Richtigkeit, Vollst\u00e4ndigkeit, Angemessenheit und Aktualit\u00e4t der Inhalte wird keine Gew\u00e4hr \u00fcbernommen. Der Medieninhaber \u00fcbernimmt f\u00fcr eigene Inhalte die Verantwortung nach den allgemeinen Gesetzen.<\/p>\n<p>Der Medieninhaber identifiziert sich nicht mit den Inhalten der Seiten, auf die gelinkt wird und \u00fcbernimmt daf\u00fcr keine Haftung. F\u00fcr fremde Inhalte externer Webseiten wird keine Gew\u00e4hr \u00fcbernommen. Rechtswidrige Inhalte waren zum Zeitpunkt der Verlinkung nicht erkennbar. Bei bekannt werden von Rechtsverletzungen werden derartige Links umgehend entfernt.<\/p>\n<p><b>Nutzung von Kontaktdaten<\/b><br \/>\nDie Nutzung ver\u00f6ffentlichter Kontaktdaten, insbesondere E-Mail-Adressen, durch Dritte zur \u00dcbersendung von nicht ausdr\u00fccklich angeforderter Werbung und Informationsmaterialien ist untersagt.<\/p>\n<p><strong>Datenschutz gem\u00e4\u00df DSGVO:<\/strong> Diese Website verarbeitet und speichert keine personenbezogenen Daten.<\/p>\n","protected":false},"excerpt":{"rendered":"<p>Medieninhaber Im Sinne des \u00a725 Mediengesetz verantwortlicher Medieninhaber der Website animo.biz und Autor wenn nicht anders angegeben ist Karin Bayer. Haftungsausschluss F\u00fcr Richtigkeit, Vollst\u00e4ndigkeit, Angemessenheit und Aktualit\u00e4t der Inhalte wird keine Gew\u00e4hr \u00fcbernommen. Der Medieninhaber \u00fcbernimmt f\u00fcr eigene Inhalte die Verantwortung nach den allgemeinen Gesetzen. Der Medieninhaber identifiziert sich nicht mit den Inhalten der Seiten, [&hellip;]<\/p>\n","protected":false},"author":1,"featured_media":0,"parent":0,"menu_order":6,"comment_status":"closed","ping_status":"closed","template":"","meta":{"footnotes":""},"class_list":["post-34","page","type-page","status-publish","hentry"],"_links":{"self":[{"href":"https:\/\/www.animo.biz\/index.php?rest_route=\/wp\/v2\/pages\/34","targetHints":{"allow":["GET"]}}],"collection":[{"href":"https:\/\/www.animo.biz\/index.php?rest_route=\/wp\/v2\/pages"}],"about":[{"href":"https:\/\/www.animo.biz\/index.php?rest_route=\/wp\/v2\/types\/page"}],"author":[{"embeddable":true,"href":"https:\/\/www.animo.biz\/index.php?rest_route=\/wp\/v2\/users\/1"}],"replies":[{"embeddable":true,"href":"https:\/\/www.animo.biz\/index.php?rest_route=%2Fwp%2Fv2%2Fcomments&post=34"}],"version-history":[{"count":5,"href":"https:\/\/www.animo.biz\/index.php?rest_route=\/wp\/v2\/pages\/34\/revisions"}],"predecessor-version":[{"id":194,"href":"https:\/\/www.animo.biz\/index.php?rest_route=\/wp\/v2\/pages\/34\/revisions\/194"}],"wp:attachment":[{"href":"https:\/\/www.animo.biz\/index.php?rest_route=%2Fwp%2Fv2%2Fmedia&parent=34"}],"curies":[{"name":"wp","href":"https:\/\/api.w.org\/{rel}","templated":true}]}}