{"id":29,"date":"2013-05-30T16:16:50","date_gmt":"2013-05-30T16:16:50","guid":{"rendered":"http:\/\/www.animo.biz\/?page_id=29"},"modified":"2019-06-23T19:58:59","modified_gmt":"2019-06-23T19:58:59","slug":"wiener-hundefuhrschein","status":"publish","type":"page","link":"https:\/\/www.animo.biz\/?page_id=29","title":{"rendered":"Wiener Hundef\u00fchrschein &#038; Gepr\u00fcfter Stadthund"},"content":{"rendered":"<h3><strong>Wiener Hundef\u00fchrschein (verpflichtend, beh\u00f6rdlich angeordnet) &amp; Gepr\u00fcfter Stadthund (vormals Freiwilliger Hundef\u00fchrschein)<\/strong><\/h3>\n<p><b>Inhalt<\/b><br \/>\nDie Pr\u00fcfung besteht aus drei Teilen, n\u00e4mlich aus einer schriftliche Pr\u00fcfung (Multiple Choice Test) sowie aus zwei Praxisteilen (Hunde Handling und Stadtspaziergang). Der Ort der Pr\u00fcfung kann individuell vereinbart werden. Das Absolvieren der Pr\u00fcfung ist ein wertvoller Beitrag f\u00fcr das gute Zusammenleben von Menschen und Hunden in Wien.<\/p>\n<p><a title=\"Gepr\u00fcfter Stadthund\" href=\"https:\/\/www.hunde-kunde.at\" target=\"_blank\" rel=\"noopener\">Gepr\u00fcfter Stadthund (vormals Freiwilliger Hundef\u00fchrschein: Information und Handbuch)<\/a>; die Absolvierung\u00a0befreit den Hundebesitzer f\u00fcr ein Jahr von der Wiener Hundeabgabe. Dazu gibt es ein Geschenk f\u00fcr jeden Hundehalter.<\/p>\n<p><a title=\"Verpflichtender Hundef\u00fchrschein (Handbuch und Fragenkatalog)\" href=\"http:\/\/www.wien.gv.at\/gesellschaft\/tiere\/tierschutz\/hundefuehrschein\/verpflichtender-hundefuehrschein.html\" target=\"_blank\" rel=\"noopener\">Verpflichtender Hundef\u00fchrschein (Information, Handbuch und Fragenkatalog)<\/a>; verpflichtend f\u00fcr alle Listenhunde und deren Mischlinge, vorab Anmeldung bei MA 60 notwendig (Info zur Anmeldung\u00a0<a title=\"Info zur Anmeldung zum verpflichtenden Hundef\u00fchrschein\" href=\"http:\/\/www.wien.gv.at\/amtshelfer\/freizeit-sport\/tiere\/haustier\/hundefuehrschein-pfl.html\" target=\"_blank\" rel=\"noopener\">hier<\/a>); Anmeldung per Email unter bayer@animo.biz<\/p>\n<p>Beh\u00f6rdlich angeordneter Hundef\u00fchrschein: Ablauf wie bei verpflichtendem Hundef\u00fchrschein, aber Anwesenheit eines Amtstierarztes erforderlich!<\/p>\n<p><b style=\"line-height: 1.714285714; font-size: 1rem;\">Termin:<\/b><span style=\"line-height: 1.714285714; font-size: 1rem;\">\u00a0Jederzeit nach Vereinbarung<\/span><\/p>\n<p><b>Kosten:<\/b><\/p>\n<ul>\n<li>freiwilliger Hundef\u00fchrschein 30 EUR (+ Fahrtkosten),<\/li>\n<li>verpflichtender + beh\u00f6rdlich angeordneter Hundef\u00fchrschein 40 EUR (+ Fahrtkosten)<\/li>\n<\/ul>\n<p><a href=\"http:\/\/www.animo.biz\/wp-content\/uploads\/2014\/09\/Hundef\u00fchrschein_freiwillig_Infoblatt.pdf\">Gepr\u00fcfter Stadthund (vormals Hundef\u00fchrschein_freiwillig)_Infoblatt<\/a><\/p>\n<p><a href=\"http:\/\/www.animo.biz\/wp-content\/uploads\/2014\/09\/Hundef\u00fchrschein_verpflichtend_Infoblatt.pdf\">Hundef\u00fchrschein_verpflichtend_Infoblatt<\/a><\/p>\n<p><a href=\"http:\/\/www.animo.biz\/wp-content\/uploads\/2013\/05\/Wiener-Hundefuehrschein.jpg\"><img loading=\"lazy\" decoding=\"async\" class=\"alignnone size-full wp-image-30\" src=\"http:\/\/www.animo.biz\/wp-content\/uploads\/2013\/05\/Wiener-Hundefuehrschein.jpg\" alt=\"Wiener Hundefuehrschein\" width=\"120\" height=\"121\" \/><\/a><\/p>\n<div id=\"attachment_182\" style=\"width: 127px\" class=\"wp-caption alignnone\"><a href=\"http:\/\/www.animo.biz\/wp-content\/uploads\/2019\/06\/TOW_STADTHUNDLOGO_2019.jpg\"><img loading=\"lazy\" decoding=\"async\" aria-describedby=\"caption-attachment-182\" class=\" wp-image-182\" src=\"http:\/\/www.animo.biz\/wp-content\/uploads\/2019\/06\/TOW_STADTHUNDLOGO_2019-298x300.jpg\" alt=\"\" width=\"117\" height=\"118\" srcset=\"https:\/\/www.animo.biz\/wp-content\/uploads\/2019\/06\/TOW_STADTHUNDLOGO_2019-298x300.jpg 298w, https:\/\/www.animo.biz\/wp-content\/uploads\/2019\/06\/TOW_STADTHUNDLOGO_2019-150x150.jpg 150w, https:\/\/www.animo.biz\/wp-content\/uploads\/2019\/06\/TOW_STADTHUNDLOGO_2019-768x772.jpg 768w, https:\/\/www.animo.biz\/wp-content\/uploads\/2019\/06\/TOW_STADTHUNDLOGO_2019-624x627.jpg 624w, https:\/\/www.animo.biz\/wp-content\/uploads\/2019\/06\/TOW_STADTHUNDLOGO_2019.jpg 931w\" sizes=\"auto, (max-width: 117px) 100vw, 117px\" \/><\/a><p id=\"caption-attachment-182\" class=\"wp-caption-text\">Gepr\u00fcfter Stadthund<\/p><\/div>\n<p>&nbsp;<\/p>\n","protected":false},"excerpt":{"rendered":"<p>Wiener Hundef\u00fchrschein (verpflichtend, beh\u00f6rdlich angeordnet) &amp; Gepr\u00fcfter Stadthund (vormals Freiwilliger Hundef\u00fchrschein) Inhalt Die Pr\u00fcfung besteht aus drei Teilen, n\u00e4mlich aus einer schriftliche Pr\u00fcfung (Multiple Choice Test) sowie aus zwei Praxisteilen (Hunde Handling und Stadtspaziergang). Der Ort der Pr\u00fcfung kann individuell vereinbart werden. Das Absolvieren der Pr\u00fcfung ist ein wertvoller Beitrag f\u00fcr das gute Zusammenleben von [&hellip;]<\/p>\n","protected":false},"author":1,"featured_media":0,"parent":0,"menu_order":5,"comment_status":"closed","ping_status":"closed","template":"","meta":{"footnotes":""},"class_list":["post-29","page","type-page","status-publish","hentry"],"_links":{"self":[{"href":"https:\/\/www.animo.biz\/index.php?rest_route=\/wp\/v2\/pages\/29","targetHints":{"allow":["GET"]}}],"collection":[{"href":"https:\/\/www.animo.biz\/index.php?rest_route=\/wp\/v2\/pages"}],"about":[{"href":"https:\/\/www.animo.biz\/index.php?rest_route=\/wp\/v2\/types\/page"}],"author":[{"embeddable":true,"href":"https:\/\/www.animo.biz\/index.php?rest_route=\/wp\/v2\/users\/1"}],"replies":[{"embeddable":true,"href":"https:\/\/www.animo.biz\/index.php?rest_route=%2Fwp%2Fv2%2Fcomments&post=29"}],"version-history":[{"count":19,"href":"https:\/\/www.animo.biz\/index.php?rest_route=\/wp\/v2\/pages\/29\/revisions"}],"predecessor-version":[{"id":184,"href":"https:\/\/www.animo.biz\/index.php?rest_route=\/wp\/v2\/pages\/29\/revisions\/184"}],"wp:attachment":[{"href":"https:\/\/www.animo.biz\/index.php?rest_route=%2Fwp%2Fv2%2Fmedia&parent=29"}],"curies":[{"name":"wp","href":"https:\/\/api.w.org\/{rel}","templated":true}]}}