{"id":20,"date":"2013-05-30T15:51:21","date_gmt":"2013-05-30T15:51:21","guid":{"rendered":"http:\/\/www.animo.biz\/?page_id=20"},"modified":"2013-07-15T14:38:53","modified_gmt":"2013-07-15T14:38:53","slug":"tellington-ttouch-trainings-methode","status":"publish","type":"page","link":"https:\/\/www.animo.biz\/?page_id=20","title":{"rendered":"Tellington TTouch"},"content":{"rendered":"<p><a href=\"http:\/\/www.animo.biz\/wp-content\/uploads\/2013\/05\/Karin-Linda2.jpg\"><img loading=\"lazy\" decoding=\"async\" class=\"size-full wp-image-21 alignleft\" alt=\"Karin-Linda2\" src=\"http:\/\/www.animo.biz\/wp-content\/uploads\/2013\/05\/Karin-Linda2.jpg\" width=\"286\" height=\"215\" \/><\/a><\/p>\n<p><b>Tellington TTouch Trainings Methode<\/b><br \/>\nDie TT.E.A.M. Arbeit ist eine Methode, die Gesundheit und Wohlbefinden von Tieren sowie die Kommunikation mit ihnen f\u00f6rdert. Sie bietet eine neue L\u00f6sung f\u00fcr Verhaltens- und K\u00f6rperprobleme. TTEAM basiert auf der Erkenntnis, dass die meisten Widerst\u00e4nde durch Verspannung, Mangel an Gleichgewicht und Unbequemlichkeit oder Schmerzen im K\u00f6rper der Tiere entstehen.<\/p>\n<p><b>Die Gr\u00fcnderin Linda Tellington-Jones<\/b><br \/>\nDie Methode wurde von Linda Tellington-Jones entwickelt. Linda wuchs mit vielen Tieren auf und hatte eine besonders ausgepr\u00e4gte Beziehung zu Pferden. Schon fr\u00fch versuchte sie, Alternativen zu oft brutalen Dressurmethoden zu entwickeln. Ihre Arbeit wurde stark von dem israelischen Physiker Dr. Moshe Feldenkrais inspiriert.<\/p>\n<h3>Zellkommunikation<\/h3>\n<p>Linda stellte fest, dass alles was sich am menschlichen Nervensystem anwenden l\u00e4sst, auch beim Nervensystem der Tiere Geltung hat und wandelte spezielle Handgriffe f\u00fcr die Behandlung des Pferdek\u00f6rpers ab und konnte damit auch bei schwierigen Pferden Erfolge erzielen.<\/p>\n<h3><span style=\"font-size: 1.142857143rem; line-height: 1.846153846;\">Breites Anwendungsspektrum<\/span><\/h3>\n<p>Die Methode wurde weiter ausgebaut und findet bereits bei Tieren aller Arten und den unterschiedlichsten Problembereichen (Krankheiten, Verhaltensst\u00f6rungen, Leistungssteigerung etc.)<\/p>\n<p><a title=\"Tellington Verein - Verein zur F\u00f6rderung der Tellington TTouch Trainings Methode\" href=\"www.tellington.at\"><img loading=\"lazy\" decoding=\"async\" class=\"alignnone size-medium wp-image-49\" alt=\"ttouchlogo\" src=\"http:\/\/www.animo.biz\/wp-content\/uploads\/2013\/05\/ttouchlogo-300x108.jpg\" width=\"300\" height=\"108\" srcset=\"https:\/\/www.animo.biz\/wp-content\/uploads\/2013\/05\/ttouchlogo-300x108.jpg 300w, https:\/\/www.animo.biz\/wp-content\/uploads\/2013\/05\/ttouchlogo-1024x370.jpg 1024w, https:\/\/www.animo.biz\/wp-content\/uploads\/2013\/05\/ttouchlogo-624x225.jpg 624w\" sizes=\"auto, (max-width: 300px) 100vw, 300px\" \/><\/a><\/p>\n","protected":false},"excerpt":{"rendered":"<p>Tellington TTouch Trainings Methode Die TT.E.A.M. Arbeit ist eine Methode, die Gesundheit und Wohlbefinden von Tieren sowie die Kommunikation mit ihnen f\u00f6rdert. Sie bietet eine neue L\u00f6sung f\u00fcr Verhaltens- und K\u00f6rperprobleme. TTEAM basiert auf der Erkenntnis, dass die meisten Widerst\u00e4nde durch Verspannung, Mangel an Gleichgewicht und Unbequemlichkeit oder Schmerzen im K\u00f6rper der Tiere entstehen. Die [&hellip;]<\/p>\n","protected":false},"author":1,"featured_media":0,"parent":0,"menu_order":4,"comment_status":"closed","ping_status":"closed","template":"","meta":{"footnotes":""},"class_list":["post-20","page","type-page","status-publish","hentry"],"_links":{"self":[{"href":"https:\/\/www.animo.biz\/index.php?rest_route=\/wp\/v2\/pages\/20","targetHints":{"allow":["GET"]}}],"collection":[{"href":"https:\/\/www.animo.biz\/index.php?rest_route=\/wp\/v2\/pages"}],"about":[{"href":"https:\/\/www.animo.biz\/index.php?rest_route=\/wp\/v2\/types\/page"}],"author":[{"embeddable":true,"href":"https:\/\/www.animo.biz\/index.php?rest_route=\/wp\/v2\/users\/1"}],"replies":[{"embeddable":true,"href":"https:\/\/www.animo.biz\/index.php?rest_route=%2Fwp%2Fv2%2Fcomments&post=20"}],"version-history":[{"count":10,"href":"https:\/\/www.animo.biz\/index.php?rest_route=\/wp\/v2\/pages\/20\/revisions"}],"predecessor-version":[{"id":37,"href":"https:\/\/www.animo.biz\/index.php?rest_route=\/wp\/v2\/pages\/20\/revisions\/37"}],"wp:attachment":[{"href":"https:\/\/www.animo.biz\/index.php?rest_route=%2Fwp%2Fv2%2Fmedia&parent=20"}],"curies":[{"name":"wp","href":"https:\/\/api.w.org\/{rel}","templated":true}]}}