{"id":13,"date":"2013-05-30T15:30:34","date_gmt":"2013-05-30T15:30:34","guid":{"rendered":"http:\/\/www.animo.biz\/?page_id=13"},"modified":"2013-07-15T14:38:36","modified_gmt":"2013-07-15T14:38:36","slug":"uber-animo","status":"publish","type":"page","link":"https:\/\/www.animo.biz\/?page_id=13","title":{"rendered":"\u00fcber animo"},"content":{"rendered":"<p style=\"text-align: left;\"><b><a href=\"http:\/\/www.animo.biz\/wp-content\/uploads\/2013\/05\/Katze.jpg\"><img loading=\"lazy\" decoding=\"async\" class=\"size-medium wp-image-16 alignleft\" alt=\"Katze\" src=\"http:\/\/www.animo.biz\/wp-content\/uploads\/2013\/05\/Katze-300x225.jpg\" width=\"300\" height=\"225\" srcset=\"https:\/\/www.animo.biz\/wp-content\/uploads\/2013\/05\/Katze-300x225.jpg 300w, https:\/\/www.animo.biz\/wp-content\/uploads\/2013\/05\/Katze.jpg 500w\" sizes=\"auto, (max-width: 300px) 100vw, 300px\" \/><\/a><\/b><\/p>\n<p style=\"text-align: left;\"><b>Vom Tierliebhaber zur Zoologin\u00a0<\/b><br \/>\nSchon als Kind galt mein Interesse den Tieren und der Natur, daher waren immer M\u00e4use, Hamster, V\u00f6gel, Frettchen und Hunde um mich. Da ich aus meiner Begeisterung auch einen Beruf machen wollte, studierte ich an der Universit\u00e4t Wien Zoologie und Verhaltensbiologie. Ich arbeite als Lab Managerin im Clever Dog Lab an der Veterin\u00e4rmedizinischen Universit\u00e4t Wien.<\/p>\n<p><b>Ausbildung zum Tellington Practitioner\u00a0<\/b><br \/>\nUm auch praktisch mit Tieren zu arbeiten habe ich die dreij\u00e4hrige Ausbildung zum Tellington Practitioner gemacht. In dieser Zeit lernte ich sehr viel \u00fcber den sanften Umgang mit Tieren und habe viel Freude daran dieses Wissen auch an andere weiterzugeben.<\/p>\n<p><b>Verhaltenswissenschaftliche Weiterbildung\u00a0<\/b><br \/>\nIm Rahmen meines Teilstudiums an der Veterin\u00e4rmedizinischen Universit\u00e4t Wien absolvierte ich eine Zusatzfortbildung f\u00fcr Verhaltenstherapie der ATF (Akademie f\u00fcr tier\u00e4rztliche Fortbildung) in Hannover und Berlin.<\/p>\n<p><b>Wiener Hundef\u00fchrschein\u00a0<\/b><br \/>\nIch halte ein reibungsloses Miteinander von Hunden und Menschen in der Stadt f\u00fcr sehr wichtig. Ich biete Ihnen daher sowohl die Vorbereitung als auch Abhaltung der Pr\u00fcfung f\u00fcr den Wiener Hundef\u00fchrschein an.<\/p>\n<p><b>Immer up to date\u00a0<\/b><br \/>\nUm mein Wissen st\u00e4ndig zu erweitern besuchte ich Seminare und Vortr\u00e4ge an der Universit\u00e4t Wien und der veterin\u00e4rmedizinischen Universit\u00e4t im Bereich Verhaltensbiologie unter anderem bei Dr. Jones-Baade, Dr. Marx-Dawid, Dr. Bielenberg, Turid Rugaas, Dr. Appleby, Dr. McBride und Dr. Schroll.<\/p>\n<p>Ich bin verheiratet und habe 2 Kinder.<\/p>\n","protected":false},"excerpt":{"rendered":"<p>Vom Tierliebhaber zur Zoologin\u00a0 Schon als Kind galt mein Interesse den Tieren und der Natur, daher waren immer M\u00e4use, Hamster, V\u00f6gel, Frettchen und Hunde um mich. Da ich aus meiner Begeisterung auch einen Beruf machen wollte, studierte ich an der Universit\u00e4t Wien Zoologie und Verhaltensbiologie. Ich arbeite als Lab Managerin im Clever Dog Lab an [&hellip;]<\/p>\n","protected":false},"author":1,"featured_media":0,"parent":0,"menu_order":3,"comment_status":"closed","ping_status":"closed","template":"","meta":{"footnotes":""},"class_list":["post-13","page","type-page","status-publish","hentry"],"_links":{"self":[{"href":"https:\/\/www.animo.biz\/index.php?rest_route=\/wp\/v2\/pages\/13","targetHints":{"allow":["GET"]}}],"collection":[{"href":"https:\/\/www.animo.biz\/index.php?rest_route=\/wp\/v2\/pages"}],"about":[{"href":"https:\/\/www.animo.biz\/index.php?rest_route=\/wp\/v2\/types\/page"}],"author":[{"embeddable":true,"href":"https:\/\/www.animo.biz\/index.php?rest_route=\/wp\/v2\/users\/1"}],"replies":[{"embeddable":true,"href":"https:\/\/www.animo.biz\/index.php?rest_route=%2Fwp%2Fv2%2Fcomments&post=13"}],"version-history":[{"count":6,"href":"https:\/\/www.animo.biz\/index.php?rest_route=\/wp\/v2\/pages\/13\/revisions"}],"predecessor-version":[{"id":66,"href":"https:\/\/www.animo.biz\/index.php?rest_route=\/wp\/v2\/pages\/13\/revisions\/66"}],"wp:attachment":[{"href":"https:\/\/www.animo.biz\/index.php?rest_route=%2Fwp%2Fv2%2Fmedia&parent=13"}],"curies":[{"name":"wp","href":"https:\/\/api.w.org\/{rel}","templated":true}]}}